{"id":34454,"date":"2025-06-23T16:46:08","date_gmt":"2025-06-23T21:46:08","guid":{"rendered":"https:\/\/www.anglepsy.org\/?page_id=34454"},"modified":"2026-04-09T14:00:06","modified_gmt":"2026-04-09T19:00:06","slug":"contribuez-a-notre-impact","status":"publish","type":"page","link":"https:\/\/www.anglepsy.org\/en\/contribuez-a-notre-impact\/","title":{"rendered":"Contribute to our impact"},"content":{"rendered":"<div data-elementor-type=\"wp-page\" data-elementor-id=\"34454\" class=\"elementor elementor-34454\">\n\t\t\t\t<div class=\"elementor-element elementor-element-1c392dd e-flex e-con-boxed e-con e-parent\" data-id=\"1c392dd\" data-element_type=\"container\" data-settings=\"{&quot;background_background&quot;:&quot;classic&quot;}\">\n\t\t\t\t\t<div class=\"e-con-inner\">\n\t\t\t\t<div class=\"elementor-element elementor-element-5a112d36 elementor-widget-mobile__width-inherit elementor-widget elementor-widget-heading\" data-id=\"5a112d36\" data-element_type=\"widget\" data-widget_type=\"heading.default\">\n\t\t\t\t<div class=\"elementor-widget-container\">\n\t\t\t\t\t<h1 class=\"elementor-heading-title elementor-size-default\">Contribute to our impact and make a difference\n<\/h1>\t\t\t\t<\/div>\n\t\t\t\t<\/div>\n\t\t\t\t<div class=\"elementor-element elementor-element-6d6c2119 elementor-widget elementor-widget-text-editor\" data-id=\"6d6c2119\" data-element_type=\"widget\" data-widget_type=\"text-editor.default\">\n\t\t\t\t<div class=\"elementor-widget-container\">\n\t\t\t\t\t\t\t\t\t<p>Angle Psy offers various ways to get involved in supporting mental health. Whether through financial support, a partnership, or volunteering, every contribution is valuable.<\/p>\t\t\t\t\t\t\t\t<\/div>\n\t\t\t\t<\/div>\n\t\t\t\t<div class=\"elementor-element elementor-element-25971017 elementor-align-center elementor-widget elementor-widget-button\" data-id=\"25971017\" data-element_type=\"widget\" data-widget_type=\"button.default\">\n\t\t\t\t<div class=\"elementor-widget-container\">\n\t\t\t\t\t\t\t\t\t<div class=\"elementor-button-wrapper\">\n\t\t\t\t\t<a class=\"elementor-button elementor-button-link elementor-size-sm\" href=\"\/en\/projets-et-impacts\/\" target=\"_blank\">\n\t\t\t\t\t\t<span class=\"elementor-button-content-wrapper\">\n\t\t\t\t\t\t\t\t\t<span class=\"elementor-button-text\">Discover our projects and their impact <\/span>\n\t\t\t\t\t<\/span>\n\t\t\t\t\t<\/a>\n\t\t\t\t<\/div>\n\t\t\t\t\t\t\t\t<\/div>\n\t\t\t\t<\/div>\n\t\t\t\t\t<\/div>\n\t\t\t\t<\/div>\n\t\t<div class=\"elementor-element elementor-element-4c7db231 e-flex e-con-boxed e-con e-parent\" data-id=\"4c7db231\" data-element_type=\"container\" data-settings=\"{&quot;background_background&quot;:&quot;classic&quot;}\">\n\t\t\t\t\t<div class=\"e-con-inner\">\n\t\t<div class=\"elementor-element elementor-element-7c2ea13c e-con-full e-flex e-con e-child\" data-id=\"7c2ea13c\" data-element_type=\"container\">\n\t\t\t\t<div class=\"elementor-element elementor-element-777e2a7e elementor-widget elementor-widget-text-editor\" data-id=\"777e2a7e\" data-element_type=\"widget\" data-widget_type=\"text-editor.default\">\n\t\t\t\t<div class=\"elementor-widget-container\">\n\t\t\t\t\t\t\t\t\t<p>Together for a more inclusive society<\/p>\t\t\t\t\t\t\t\t<\/div>\n\t\t\t\t<\/div>\n\t\t\t\t<div class=\"elementor-element elementor-element-698f94d elementor-widget elementor-widget-heading\" data-id=\"698f94d\" data-element_type=\"widget\" data-widget_type=\"heading.default\">\n\t\t\t\t<div class=\"elementor-widget-container\">\n\t\t\t\t\t<h2 class=\"elementor-heading-title elementor-size-default\">See how you can help concretely<\/h2>\t\t\t\t<\/div>\n\t\t\t\t<\/div>\n\t\t\t\t<\/div>\n\t\t<div class=\"elementor-element elementor-element-7b9d71b animated-slow e-con-full e-grid elementor-invisible e-con e-child\" data-id=\"7b9d71b\" data-element_type=\"container\" data-settings=\"{&quot;animation&quot;:&quot;fadeIn&quot;}\">\n\t\t<div class=\"elementor-element elementor-element-29aff3d4 x e-con-full e-flex e-con e-child\" data-id=\"29aff3d4\" data-element_type=\"container\" data-settings=\"{&quot;background_background&quot;:&quot;classic&quot;}\">\n\t\t\t\t<div class=\"elementor-element elementor-element-71676b56 elementor-widget elementor-widget-image\" data-id=\"71676b56\" data-element_type=\"widget\" data-widget_type=\"image.default\">\n\t\t\t\t<div class=\"elementor-widget-container\">\n\t\t\t\t\t\t\t\t\t\t\t\t\t\t\t<img fetchpriority=\"high\" decoding=\"async\" width=\"2121\" height=\"1414\" src=\"https:\/\/www.anglepsy.org\/wp-content\/uploads\/2025\/07\/iStock-2193758988.jpg\" class=\"attachment-full size-full wp-image-35837\" alt=\"Gros plan sur une main tendant un c\u0153ur, symbole d\u2019amour, de soutien et de g\u00e9n\u00e9rosit\u00e9. Amiti\u00e9 et bienveillance.\" srcset=\"https:\/\/www.anglepsy.org\/wp-content\/uploads\/2025\/07\/iStock-2193758988.jpg 2121w, https:\/\/www.anglepsy.org\/wp-content\/uploads\/2025\/07\/iStock-2193758988-300x200.jpg 300w, https:\/\/www.anglepsy.org\/wp-content\/uploads\/2025\/07\/iStock-2193758988-1024x683.jpg 1024w, https:\/\/www.anglepsy.org\/wp-content\/uploads\/2025\/07\/iStock-2193758988-768x512.jpg 768w, https:\/\/www.anglepsy.org\/wp-content\/uploads\/2025\/07\/iStock-2193758988-370x247.jpg 370w, https:\/\/www.anglepsy.org\/wp-content\/uploads\/2025\/07\/iStock-2193758988-270x180.jpg 270w, https:\/\/www.anglepsy.org\/wp-content\/uploads\/2025\/07\/iStock-2193758988-1536x1024.jpg 1536w, https:\/\/www.anglepsy.org\/wp-content\/uploads\/2025\/07\/iStock-2193758988-2048x1365.jpg 2048w, https:\/\/www.anglepsy.org\/wp-content\/uploads\/2025\/07\/iStock-2193758988-360x240.jpg 360w\" sizes=\"(max-width: 2121px) 100vw, 2121px\" \/>\t\t\t\t\t\t\t\t\t\t\t\t\t\t\t<\/div>\n\t\t\t\t<\/div>\n\t\t\t\t<div class=\"elementor-element elementor-element-6b463f1a elementor-widget elementor-widget-heading\" data-id=\"6b463f1a\" data-element_type=\"widget\" data-widget_type=\"heading.default\">\n\t\t\t\t<div class=\"elementor-widget-container\">\n\t\t\t\t\t<h3 class=\"elementor-heading-title elementor-size-default\">Donors and Partners Space<\/h3>\t\t\t\t<\/div>\n\t\t\t\t<\/div>\n\t\t\t\t<div class=\"elementor-element elementor-element-4eda9cd7 elementor-widget elementor-widget-text-editor\" data-id=\"4eda9cd7\" data-element_type=\"widget\" data-widget_type=\"text-editor.default\">\n\t\t\t\t<div class=\"elementor-widget-container\">\n\t\t\t\t\t\t\t\t\t<p><span style=\"font-weight: 400;\">Supporting Angle Psy means directly contributing to tangible mental health initiatives that reach diverse communities. Your donations and partnerships help fund educational projects, awareness campaigns, and support services that reduce stigma and provide accessible resources for everyone.<\/span><\/p>\t\t\t\t\t\t\t\t<\/div>\n\t\t\t\t<\/div>\n\t\t\t\t<div class=\"elementor-element elementor-element-4dcdb659 btn2 elementor-widget elementor-widget-button\" data-id=\"4dcdb659\" data-element_type=\"widget\" data-widget_type=\"button.default\">\n\t\t\t\t<div class=\"elementor-widget-container\">\n\t\t\t\t\t\t\t\t\t<div class=\"elementor-button-wrapper\">\n\t\t\t\t\t<a class=\"elementor-button elementor-button-link elementor-size-sm elementor-animation-grow\" href=\"\/en\/faire-un-don\/\">\n\t\t\t\t\t\t<span class=\"elementor-button-content-wrapper\">\n\t\t\t\t\t\t<span class=\"elementor-button-icon\">\n\t\t\t\t<svg aria-hidden=\"true\" class=\"e-font-icon-svg e-fas-arrow-right\" viewbox=\"0 0 448 512\" xmlns=\"http:\/\/www.w3.org\/2000\/svg\"><path d=\"M190.5 66.9l22.2-22.2c9.4-9.4 24.6-9.4 33.9 0L441 239c9.4 9.4 9.4 24.6 0 33.9L246.6 467.3c-9.4 9.4-24.6 9.4-33.9 0l-22.2-22.2c-9.5-9.5-9.3-25 .4-34.3L311.4 296H24c-13.3 0-24-10.7-24-24v-32c0-13.3 10.7-24 24-24h287.4L190.9 101.2c-9.8-9.3-10-24.8-.4-34.3z\"><\/path><\/svg>\t\t\t<\/span>\n\t\t\t\t\t\t\t\t\t<span class=\"elementor-button-text\">Make a donation<\/span>\n\t\t\t\t\t<\/span>\n\t\t\t\t\t<\/a>\n\t\t\t\t<\/div>\n\t\t\t\t\t\t\t\t<\/div>\n\t\t\t\t<\/div>\n\t\t\t\t<div class=\"elementor-element elementor-element-364cdb9 btn2 elementor-widget elementor-widget-button\" data-id=\"364cdb9\" data-element_type=\"widget\" data-widget_type=\"button.default\">\n\t\t\t\t<div class=\"elementor-widget-container\">\n\t\t\t\t\t\t\t\t\t<div class=\"elementor-button-wrapper\">\n\t\t\t\t\t<a class=\"elementor-button elementor-button-link elementor-size-sm elementor-animation-grow\" href=\"\/en\/devenir-commanditaire\/\">\n\t\t\t\t\t\t<span class=\"elementor-button-content-wrapper\">\n\t\t\t\t\t\t<span class=\"elementor-button-icon\">\n\t\t\t\t<svg aria-hidden=\"true\" class=\"e-font-icon-svg e-fas-arrow-right\" viewbox=\"0 0 448 512\" xmlns=\"http:\/\/www.w3.org\/2000\/svg\"><path d=\"M190.5 66.9l22.2-22.2c9.4-9.4 24.6-9.4 33.9 0L441 239c9.4 9.4 9.4 24.6 0 33.9L246.6 467.3c-9.4 9.4-24.6 9.4-33.9 0l-22.2-22.2c-9.5-9.5-9.3-25 .4-34.3L311.4 296H24c-13.3 0-24-10.7-24-24v-32c0-13.3 10.7-24 24-24h287.4L190.9 101.2c-9.8-9.3-10-24.8-.4-34.3z\"><\/path><\/svg>\t\t\t<\/span>\n\t\t\t\t\t\t\t\t\t<span class=\"elementor-button-text\">Become a sponsor<\/span>\n\t\t\t\t\t<\/span>\n\t\t\t\t\t<\/a>\n\t\t\t\t<\/div>\n\t\t\t\t\t\t\t\t<\/div>\n\t\t\t\t<\/div>\n\t\t\t\t<\/div>\n\t\t<div class=\"elementor-element elementor-element-4c822169 x e-con-full e-flex e-con e-child\" data-id=\"4c822169\" data-element_type=\"container\" data-settings=\"{&quot;background_background&quot;:&quot;classic&quot;}\">\n\t\t\t\t<div class=\"elementor-element elementor-element-3582bd75 elementor-widget elementor-widget-image\" data-id=\"3582bd75\" data-element_type=\"widget\" data-widget_type=\"image.default\">\n\t\t\t\t<div class=\"elementor-widget-container\">\n\t\t\t\t\t\t\t\t\t\t\t\t\t\t\t<img decoding=\"async\" width=\"1024\" height=\"683\" src=\"https:\/\/www.anglepsy.org\/wp-content\/uploads\/2025\/07\/annie-spratt-QckxruozjRg-unsplash-1024x683.jpg\" class=\"attachment-large size-large wp-image-35588\" alt=\"\" srcset=\"https:\/\/www.anglepsy.org\/wp-content\/uploads\/2025\/07\/annie-spratt-QckxruozjRg-unsplash-1024x683.jpg 1024w, https:\/\/www.anglepsy.org\/wp-content\/uploads\/2025\/07\/annie-spratt-QckxruozjRg-unsplash-300x200.jpg 300w, https:\/\/www.anglepsy.org\/wp-content\/uploads\/2025\/07\/annie-spratt-QckxruozjRg-unsplash-768x512.jpg 768w, https:\/\/www.anglepsy.org\/wp-content\/uploads\/2025\/07\/annie-spratt-QckxruozjRg-unsplash-370x247.jpg 370w, https:\/\/www.anglepsy.org\/wp-content\/uploads\/2025\/07\/annie-spratt-QckxruozjRg-unsplash-270x180.jpg 270w, https:\/\/www.anglepsy.org\/wp-content\/uploads\/2025\/07\/annie-spratt-QckxruozjRg-unsplash-1536x1025.jpg 1536w, https:\/\/www.anglepsy.org\/wp-content\/uploads\/2025\/07\/annie-spratt-QckxruozjRg-unsplash-2048x1366.jpg 2048w, https:\/\/www.anglepsy.org\/wp-content\/uploads\/2025\/07\/annie-spratt-QckxruozjRg-unsplash-360x240.jpg 360w\" sizes=\"(max-width: 1024px) 100vw, 1024px\" \/>\t\t\t\t\t\t\t\t\t\t\t\t\t\t\t<\/div>\n\t\t\t\t<\/div>\n\t\t\t\t<div class=\"elementor-element elementor-element-4ae530d0 elementor-widget elementor-widget-heading\" data-id=\"4ae530d0\" data-element_type=\"widget\" data-widget_type=\"heading.default\">\n\t\t\t\t<div class=\"elementor-widget-container\">\n\t\t\t\t\t<h3 class=\"elementor-heading-title elementor-size-default\">Volunteers and Allies Space<\/h3>\t\t\t\t<\/div>\n\t\t\t\t<\/div>\n\t\t\t\t<div class=\"elementor-element elementor-element-68be0ed0 elementor-widget elementor-widget-text-editor\" data-id=\"68be0ed0\" data-element_type=\"widget\" data-widget_type=\"text-editor.default\">\n\t\t\t\t<div class=\"elementor-widget-container\">\n\t\t\t\t\t\t\t\t\t<p><span style=\"font-weight: 400;\">Joining our volunteer team means actively promoting mental health across different spheres. Whether supporting projects, organizing events, assisting with communications, or working directly with those in need, your engagement is valuable and adaptable to your availability.<\/span><\/p>\t\t\t\t\t\t\t\t<\/div>\n\t\t\t\t<\/div>\n\t\t\t\t<div class=\"elementor-element elementor-element-7d80066 btn2 elementor-widget elementor-widget-button\" data-id=\"7d80066\" data-element_type=\"widget\" data-widget_type=\"button.default\">\n\t\t\t\t<div class=\"elementor-widget-container\">\n\t\t\t\t\t\t\t\t\t<div class=\"elementor-button-wrapper\">\n\t\t\t\t\t<a class=\"elementor-button elementor-button-link elementor-size-sm elementor-animation-grow\" href=\"\/en\/devenir-benevole\/\">\n\t\t\t\t\t\t<span class=\"elementor-button-content-wrapper\">\n\t\t\t\t\t\t<span class=\"elementor-button-icon\">\n\t\t\t\t<svg aria-hidden=\"true\" class=\"e-font-icon-svg e-fas-arrow-right\" viewbox=\"0 0 448 512\" xmlns=\"http:\/\/www.w3.org\/2000\/svg\"><path d=\"M190.5 66.9l22.2-22.2c9.4-9.4 24.6-9.4 33.9 0L441 239c9.4 9.4 9.4 24.6 0 33.9L246.6 467.3c-9.4 9.4-24.6 9.4-33.9 0l-22.2-22.2c-9.5-9.5-9.3-25 .4-34.3L311.4 296H24c-13.3 0-24-10.7-24-24v-32c0-13.3 10.7-24 24-24h287.4L190.9 101.2c-9.8-9.3-10-24.8-.4-34.3z\"><\/path><\/svg>\t\t\t<\/span>\n\t\t\t\t\t\t\t\t\t<span class=\"elementor-button-text\">See our volunteer opportunities <\/span>\n\t\t\t\t\t<\/span>\n\t\t\t\t\t<\/a>\n\t\t\t\t<\/div>\n\t\t\t\t\t\t\t\t<\/div>\n\t\t\t\t<\/div>\n\t\t\t\t<div class=\"elementor-element elementor-element-d3a1883 btn2 elementor-widget elementor-widget-button\" data-id=\"d3a1883\" data-element_type=\"widget\" data-widget_type=\"button.default\">\n\t\t\t\t<div class=\"elementor-widget-container\">\n\t\t\t\t\t\t\t\t\t<div class=\"elementor-button-wrapper\">\n\t\t\t\t\t<a class=\"elementor-button elementor-button-link elementor-size-sm elementor-animation-grow\" href=\"\/en\/soumettre-un-projet\/\">\n\t\t\t\t\t\t<span class=\"elementor-button-content-wrapper\">\n\t\t\t\t\t\t<span class=\"elementor-button-icon\">\n\t\t\t\t<svg aria-hidden=\"true\" class=\"e-font-icon-svg e-fas-arrow-right\" viewbox=\"0 0 448 512\" xmlns=\"http:\/\/www.w3.org\/2000\/svg\"><path d=\"M190.5 66.9l22.2-22.2c9.4-9.4 24.6-9.4 33.9 0L441 239c9.4 9.4 9.4 24.6 0 33.9L246.6 467.3c-9.4 9.4-24.6 9.4-33.9 0l-22.2-22.2c-9.5-9.5-9.3-25 .4-34.3L311.4 296H24c-13.3 0-24-10.7-24-24v-32c0-13.3 10.7-24 24-24h287.4L190.9 101.2c-9.8-9.3-10-24.8-.4-34.3z\"><\/path><\/svg>\t\t\t<\/span>\n\t\t\t\t\t\t\t\t\t<span class=\"elementor-button-text\">Share your project with us<\/span>\n\t\t\t\t\t<\/span>\n\t\t\t\t\t<\/a>\n\t\t\t\t<\/div>\n\t\t\t\t\t\t\t\t<\/div>\n\t\t\t\t<\/div>\n\t\t\t\t<div class=\"elementor-element elementor-element-71407da btn2 elementor-widget elementor-widget-button\" data-id=\"71407da\" data-element_type=\"widget\" data-widget_type=\"button.default\">\n\t\t\t\t<div class=\"elementor-widget-container\">\n\t\t\t\t\t\t\t\t\t<div class=\"elementor-button-wrapper\">\n\t\t\t\t\t<a class=\"elementor-button elementor-button-link elementor-size-sm elementor-animation-grow\" href=\"\/en\/temoignages\/\">\n\t\t\t\t\t\t<span class=\"elementor-button-content-wrapper\">\n\t\t\t\t\t\t<span class=\"elementor-button-icon\">\n\t\t\t\t<svg aria-hidden=\"true\" class=\"e-font-icon-svg e-fas-arrow-right\" viewbox=\"0 0 448 512\" xmlns=\"http:\/\/www.w3.org\/2000\/svg\"><path d=\"M190.5 66.9l22.2-22.2c9.4-9.4 24.6-9.4 33.9 0L441 239c9.4 9.4 9.4 24.6 0 33.9L246.6 467.3c-9.4 9.4-24.6 9.4-33.9 0l-22.2-22.2c-9.5-9.5-9.3-25 .4-34.3L311.4 296H24c-13.3 0-24-10.7-24-24v-32c0-13.3 10.7-24 24-24h287.4L190.9 101.2c-9.8-9.3-10-24.8-.4-34.3z\"><\/path><\/svg>\t\t\t<\/span>\n\t\t\t\t\t\t\t\t\t<span class=\"elementor-button-text\">Share a testimonial<\/span>\n\t\t\t\t\t<\/span>\n\t\t\t\t\t<\/a>\n\t\t\t\t<\/div>\n\t\t\t\t\t\t\t\t<\/div>\n\t\t\t\t<\/div>\n\t\t\t\t<\/div>\n\t\t\t\t<\/div>\n\t\t\t\t\t<\/div>\n\t\t\t\t<\/div>\n\t\t\t\t<\/div>","protected":false},"excerpt":{"rendered":"<p>Impliquez-vous pour la sant\u00e9 mentale au Qu\u00e9bec : faites un don, devenez partenaire ou b\u00e9n\u00e9vole d\u2019Angle Psy et aidez-nous \u00e0 cr\u00e9er un impact concret et solidaire.<\/p>","protected":false},"author":3,"featured_media":37733,"parent":0,"menu_order":0,"comment_status":"closed","ping_status":"closed","template":"elementor_header_footer","meta":{"_coachify_sidebar_layout":"no-sidebar","footnotes":""},"class_list":["post-34454","page","type-page","status-publish","has-post-thumbnail","hentry","image-hover-transition-effect"],"_links":{"self":[{"href":"https:\/\/www.anglepsy.org\/en\/wp-json\/wp\/v2\/pages\/34454","targetHints":{"allow":["GET"]}}],"collection":[{"href":"https:\/\/www.anglepsy.org\/en\/wp-json\/wp\/v2\/pages"}],"about":[{"href":"https:\/\/www.anglepsy.org\/en\/wp-json\/wp\/v2\/types\/page"}],"author":[{"embeddable":true,"href":"https:\/\/www.anglepsy.org\/en\/wp-json\/wp\/v2\/users\/3"}],"replies":[{"embeddable":true,"href":"https:\/\/www.anglepsy.org\/en\/wp-json\/wp\/v2\/comments?post=34454"}],"version-history":[{"count":20,"href":"https:\/\/www.anglepsy.org\/en\/wp-json\/wp\/v2\/pages\/34454\/revisions"}],"predecessor-version":[{"id":37837,"href":"https:\/\/www.anglepsy.org\/en\/wp-json\/wp\/v2\/pages\/34454\/revisions\/37837"}],"wp:featuredmedia":[{"embeddable":true,"href":"https:\/\/www.anglepsy.org\/en\/wp-json\/wp\/v2\/media\/37733"}],"wp:attachment":[{"href":"https:\/\/www.anglepsy.org\/en\/wp-json\/wp\/v2\/media?parent=34454"}],"curies":[{"name":"wp","href":"https:\/\/api.w.org\/{rel}","templated":true}]}}