{"id":34842,"date":"2025-06-29T22:52:08","date_gmt":"2025-06-30T03:52:08","guid":{"rendered":"https:\/\/www.anglepsy.org\/?page_id=34842"},"modified":"2026-04-09T09:37:41","modified_gmt":"2026-04-09T14:37:41","slug":"projets-artistiques","status":"publish","type":"page","link":"https:\/\/www.anglepsy.org\/en\/projets-artistiques\/","title":{"rendered":"Projects and workshops"},"content":{"rendered":"<div data-elementor-type=\"wp-page\" data-elementor-id=\"34842\" class=\"elementor elementor-34842\">\n\t\t\t\t<div class=\"elementor-element elementor-element-7e3faaa3 e-flex e-con-boxed e-con e-parent\" data-id=\"7e3faaa3\" data-element_type=\"container\" data-settings=\"{&quot;background_background&quot;:&quot;classic&quot;}\">\n\t\t\t\t\t<div class=\"e-con-inner\">\n\t\t\t\t<div class=\"elementor-element elementor-element-4ad72b0 elementor-widget-mobile__width-inherit elementor-widget elementor-widget-heading\" data-id=\"4ad72b0\" data-element_type=\"widget\" data-widget_type=\"heading.default\">\n\t\t\t\t<div class=\"elementor-widget-container\">\n\t\t\t\t\t<h1 class=\"elementor-heading-title elementor-size-default\">Artistic projects for mental health<\/h1>\t\t\t\t<\/div>\n\t\t\t\t<\/div>\n\t\t\t\t<div class=\"elementor-element elementor-element-4bf7971d elementor-widget elementor-widget-text-editor\" data-id=\"4bf7971d\" data-element_type=\"widget\" data-widget_type=\"text-editor.default\">\n\t\t\t\t<div class=\"elementor-widget-container\">\n\t\t\t\t\t\t\t\t\t<p>Through our projects, we work to raise awareness and create spaces for dialogue around mental health issues while upholding our collective responsibility to support local artists.<\/p>\t\t\t\t\t\t\t\t<\/div>\n\t\t\t\t<\/div>\n\t\t\t\t<div class=\"elementor-element elementor-element-1c3af573 elementor-align-center elementor-widget elementor-widget-button\" data-id=\"1c3af573\" data-element_type=\"widget\" data-widget_type=\"button.default\">\n\t\t\t\t<div class=\"elementor-widget-container\">\n\t\t\t\t\t\t\t\t\t<div class=\"elementor-button-wrapper\">\n\t\t\t\t\t<a class=\"elementor-button elementor-button-link elementor-size-sm\" href=\"\/en\/projets-et-impacts\/\" target=\"_blank\">\n\t\t\t\t\t\t<span class=\"elementor-button-content-wrapper\">\n\t\t\t\t\t\t\t\t\t<span class=\"elementor-button-text\">Discover our projects and their impact <\/span>\n\t\t\t\t\t<\/span>\n\t\t\t\t\t<\/a>\n\t\t\t\t<\/div>\n\t\t\t\t\t\t\t\t<\/div>\n\t\t\t\t<\/div>\n\t\t\t\t\t<\/div>\n\t\t\t\t<\/div>\n\t\t<div class=\"elementor-element elementor-element-48174406 e-flex e-con-boxed e-con e-parent\" data-id=\"48174406\" data-element_type=\"container\" data-settings=\"{&quot;background_background&quot;:&quot;classic&quot;}\">\n\t\t\t\t\t<div class=\"e-con-inner\">\n\t\t<div class=\"elementor-element elementor-element-688872e4 e-con-full e-flex e-con e-child\" data-id=\"688872e4\" data-element_type=\"container\">\n\t\t\t\t<div class=\"elementor-element elementor-element-14a1b7e3 elementor-widget elementor-widget-text-editor\" data-id=\"14a1b7e3\" data-element_type=\"widget\" data-widget_type=\"text-editor.default\">\n\t\t\t\t<div class=\"elementor-widget-container\">\n\t\t\t\t\t\t\t\t\t<p>Together for a more inclusive society<\/p>\t\t\t\t\t\t\t\t<\/div>\n\t\t\t\t<\/div>\n\t\t\t\t<div class=\"elementor-element elementor-element-43a74347 elementor-widget elementor-widget-heading\" data-id=\"43a74347\" data-element_type=\"widget\" data-widget_type=\"heading.default\">\n\t\t\t\t<div class=\"elementor-widget-container\">\n\t\t\t\t\t<h2 class=\"elementor-heading-title elementor-size-default\">Discover our multidisciplinary works<\/h2>\t\t\t\t<\/div>\n\t\t\t\t<\/div>\n\t\t\t\t<\/div>\n\t\t<div class=\"elementor-element elementor-element-32bbdeaf animated-slow e-con-full e-grid elementor-invisible e-con e-child\" data-id=\"32bbdeaf\" data-element_type=\"container\" data-settings=\"{&quot;animation&quot;:&quot;fadeIn&quot;}\">\n\t\t<div class=\"elementor-element elementor-element-3769be40 x e-con-full e-flex e-con e-child\" data-id=\"3769be40\" data-element_type=\"container\" data-settings=\"{&quot;background_background&quot;:&quot;classic&quot;}\">\n\t\t\t\t<div class=\"elementor-element elementor-element-1860d210 elementor-widget elementor-widget-image\" data-id=\"1860d210\" data-element_type=\"widget\" data-widget_type=\"image.default\">\n\t\t\t\t<div class=\"elementor-widget-container\">\n\t\t\t\t\t\t\t\t\t\t\t\t\t\t\t<img fetchpriority=\"high\" decoding=\"async\" width=\"2048\" height=\"1362\" src=\"https:\/\/www.anglepsy.org\/wp-content\/uploads\/2025\/07\/Diffraction-dans-le-brouillard-2-1.jpg\" class=\"attachment-full size-full wp-image-36059\" alt=\"Diffraction dans le brouillard\" srcset=\"https:\/\/www.anglepsy.org\/wp-content\/uploads\/2025\/07\/Diffraction-dans-le-brouillard-2-1.jpg 2048w, https:\/\/www.anglepsy.org\/wp-content\/uploads\/2025\/07\/Diffraction-dans-le-brouillard-2-1-300x200.jpg 300w, https:\/\/www.anglepsy.org\/wp-content\/uploads\/2025\/07\/Diffraction-dans-le-brouillard-2-1-1024x681.jpg 1024w, https:\/\/www.anglepsy.org\/wp-content\/uploads\/2025\/07\/Diffraction-dans-le-brouillard-2-1-768x511.jpg 768w, https:\/\/www.anglepsy.org\/wp-content\/uploads\/2025\/07\/Diffraction-dans-le-brouillard-2-1-370x247.jpg 370w, https:\/\/www.anglepsy.org\/wp-content\/uploads\/2025\/07\/Diffraction-dans-le-brouillard-2-1-270x180.jpg 270w, https:\/\/www.anglepsy.org\/wp-content\/uploads\/2025\/07\/Diffraction-dans-le-brouillard-2-1-1536x1022.jpg 1536w, https:\/\/www.anglepsy.org\/wp-content\/uploads\/2025\/07\/Diffraction-dans-le-brouillard-2-1-360x240.jpg 360w\" sizes=\"(max-width: 2048px) 100vw, 2048px\" \/>\t\t\t\t\t\t\t\t\t\t\t\t\t\t\t<\/div>\n\t\t\t\t<\/div>\n\t\t\t\t<div class=\"elementor-element elementor-element-6f7b1677 elementor-widget elementor-widget-heading\" data-id=\"6f7b1677\" data-element_type=\"widget\" data-widget_type=\"heading.default\">\n\t\t\t\t<div class=\"elementor-widget-container\">\n\t\t\t\t\t<h3 class=\"elementor-heading-title elementor-size-default\">Our artistic projects and their impacts<\/h3>\t\t\t\t<\/div>\n\t\t\t\t<\/div>\n\t\t\t\t<div class=\"elementor-element elementor-element-cda7e7c elementor-widget elementor-widget-text-editor\" data-id=\"cda7e7c\" data-element_type=\"widget\" data-widget_type=\"text-editor.default\">\n\t\t\t\t<div class=\"elementor-widget-container\">\n\t\t\t\t\t\t\t\t\t<p>Art, sant\u00e9 mentale, impact social. Soutenez l\u2019art engag\u00e9 et les jeunes talents pour un changement social durable. D\u00e9couvrez les retomb\u00e9es positives de notre art.<\/p>\t\t\t\t\t\t\t\t<\/div>\n\t\t\t\t<\/div>\n\t\t\t\t<div class=\"elementor-element elementor-element-56b50840 btn2 elementor-widget elementor-widget-button\" data-id=\"56b50840\" data-element_type=\"widget\" data-widget_type=\"button.default\">\n\t\t\t\t<div class=\"elementor-widget-container\">\n\t\t\t\t\t\t\t\t\t<div class=\"elementor-button-wrapper\">\n\t\t\t\t\t<a class=\"elementor-button elementor-button-link elementor-size-sm elementor-animation-grow\" href=\"\/en\/projets-et-impacts\/\">\n\t\t\t\t\t\t<span class=\"elementor-button-content-wrapper\">\n\t\t\t\t\t\t<span class=\"elementor-button-icon\">\n\t\t\t\t<svg aria-hidden=\"true\" class=\"e-font-icon-svg e-fas-arrow-right\" viewbox=\"0 0 448 512\" xmlns=\"http:\/\/www.w3.org\/2000\/svg\"><path d=\"M190.5 66.9l22.2-22.2c9.4-9.4 24.6-9.4 33.9 0L441 239c9.4 9.4 9.4 24.6 0 33.9L246.6 467.3c-9.4 9.4-24.6 9.4-33.9 0l-22.2-22.2c-9.5-9.5-9.3-25 .4-34.3L311.4 296H24c-13.3 0-24-10.7-24-24v-32c0-13.3 10.7-24 24-24h287.4L190.9 101.2c-9.8-9.3-10-24.8-.4-34.3z\"><\/path><\/svg>\t\t\t<\/span>\n\t\t\t\t\t\t\t\t\t<span class=\"elementor-button-text\">View our works<\/span>\n\t\t\t\t\t<\/span>\n\t\t\t\t\t<\/a>\n\t\t\t\t<\/div>\n\t\t\t\t\t\t\t\t<\/div>\n\t\t\t\t<\/div>\n\t\t\t\t<\/div>\n\t\t<div class=\"elementor-element elementor-element-9168329 x e-con-full e-flex e-con e-child\" data-id=\"9168329\" data-element_type=\"container\" data-settings=\"{&quot;background_background&quot;:&quot;classic&quot;}\">\n\t\t\t\t<div class=\"elementor-element elementor-element-ed4724b elementor-widget elementor-widget-image\" data-id=\"ed4724b\" data-element_type=\"widget\" data-widget_type=\"image.default\">\n\t\t\t\t<div class=\"elementor-widget-container\">\n\t\t\t\t\t\t\t\t\t\t\t\t\t\t\t<img decoding=\"async\" width=\"2048\" height=\"1535\" src=\"https:\/\/www.anglepsy.org\/wp-content\/uploads\/2025\/07\/1751059023333.jpg\" class=\"attachment-full size-full wp-image-35918\" alt=\"Atelier de sensibilisation\" srcset=\"https:\/\/www.anglepsy.org\/wp-content\/uploads\/2025\/07\/1751059023333.jpg 2048w, https:\/\/www.anglepsy.org\/wp-content\/uploads\/2025\/07\/1751059023333-300x225.jpg 300w, https:\/\/www.anglepsy.org\/wp-content\/uploads\/2025\/07\/1751059023333-1024x768.jpg 1024w, https:\/\/www.anglepsy.org\/wp-content\/uploads\/2025\/07\/1751059023333-768x576.jpg 768w, https:\/\/www.anglepsy.org\/wp-content\/uploads\/2025\/07\/1751059023333-1536x1151.jpg 1536w\" sizes=\"(max-width: 2048px) 100vw, 2048px\" \/>\t\t\t\t\t\t\t\t\t\t\t\t\t\t\t<\/div>\n\t\t\t\t<\/div>\n\t\t\t\t<div class=\"elementor-element elementor-element-bd5ad38 elementor-widget elementor-widget-heading\" data-id=\"bd5ad38\" data-element_type=\"widget\" data-widget_type=\"heading.default\">\n\t\t\t\t<div class=\"elementor-widget-container\">\n\t\t\t\t\t<h3 class=\"elementor-heading-title elementor-size-default\">Our workshop on raising awareness about social isolation<\/h3>\t\t\t\t<\/div>\n\t\t\t\t<\/div>\n\t\t\t\t<div class=\"elementor-element elementor-element-c1a6392 elementor-widget elementor-widget-text-editor\" data-id=\"c1a6392\" data-element_type=\"widget\" data-widget_type=\"text-editor.default\">\n\t\t\t\t<div class=\"elementor-widget-container\">\n\t\t\t\t\t\t\t\t\t<p><span style=\"font-weight: 400;\">Our partnerships help fund educational, awareness, and support projects aimed at reducing stigma and providing accessible resources for everyone.<\/span><\/p>\t\t\t\t\t\t\t\t<\/div>\n\t\t\t\t<\/div>\n\t\t\t\t<div class=\"elementor-element elementor-element-b2c2759 btn2 elementor-widget elementor-widget-button\" data-id=\"b2c2759\" data-element_type=\"widget\" data-widget_type=\"button.default\">\n\t\t\t\t<div class=\"elementor-widget-container\">\n\t\t\t\t\t\t\t\t\t<div class=\"elementor-button-wrapper\">\n\t\t\t\t\t<a class=\"elementor-button elementor-button-link elementor-size-sm elementor-animation-grow\" href=\"\/en\/atelier-de-sensibilisation\/\">\n\t\t\t\t\t\t<span class=\"elementor-button-content-wrapper\">\n\t\t\t\t\t\t<span class=\"elementor-button-icon\">\n\t\t\t\t<svg aria-hidden=\"true\" class=\"e-font-icon-svg e-fas-arrow-right\" viewbox=\"0 0 448 512\" xmlns=\"http:\/\/www.w3.org\/2000\/svg\"><path d=\"M190.5 66.9l22.2-22.2c9.4-9.4 24.6-9.4 33.9 0L441 239c9.4 9.4 9.4 24.6 0 33.9L246.6 467.3c-9.4 9.4-24.6 9.4-33.9 0l-22.2-22.2c-9.5-9.5-9.3-25 .4-34.3L311.4 296H24c-13.3 0-24-10.7-24-24v-32c0-13.3 10.7-24 24-24h287.4L190.9 101.2c-9.8-9.3-10-24.8-.4-34.3z\"><\/path><\/svg>\t\t\t<\/span>\n\t\t\t\t\t\t\t\t\t<span class=\"elementor-button-text\">Learn more about the program<\/span>\n\t\t\t\t\t<\/span>\n\t\t\t\t\t<\/a>\n\t\t\t\t<\/div>\n\t\t\t\t\t\t\t\t<\/div>\n\t\t\t\t<\/div>\n\t\t\t\t<\/div>\n\t\t<div class=\"elementor-element elementor-element-516634f0 x e-con-full e-flex e-con e-child\" data-id=\"516634f0\" data-element_type=\"container\" data-settings=\"{&quot;background_background&quot;:&quot;classic&quot;}\">\n\t\t\t\t<div class=\"elementor-element elementor-element-515b0238 elementor-widget elementor-widget-image\" data-id=\"515b0238\" data-element_type=\"widget\" data-widget_type=\"image.default\">\n\t\t\t\t<div class=\"elementor-widget-container\">\n\t\t\t\t\t\t\t\t\t\t\t\t\t\t\t<img decoding=\"async\" width=\"791\" height=\"1024\" src=\"https:\/\/www.anglepsy.org\/wp-content\/uploads\/2026\/01\/3-791x1024.png\" class=\"attachment-large size-large wp-image-37505\" alt=\"\" srcset=\"https:\/\/www.anglepsy.org\/wp-content\/uploads\/2026\/01\/3-791x1024.png 791w, https:\/\/www.anglepsy.org\/wp-content\/uploads\/2026\/01\/3-232x300.png 232w, https:\/\/www.anglepsy.org\/wp-content\/uploads\/2026\/01\/3-768x994.png 768w, https:\/\/www.anglepsy.org\/wp-content\/uploads\/2026\/01\/3-1187x1536.png 1187w, https:\/\/www.anglepsy.org\/wp-content\/uploads\/2026\/01\/3-9x12.png 9w, https:\/\/www.anglepsy.org\/wp-content\/uploads\/2026\/01\/3.png 1545w\" sizes=\"(max-width: 791px) 100vw, 791px\" \/>\t\t\t\t\t\t\t\t\t\t\t\t\t\t\t<\/div>\n\t\t\t\t<\/div>\n\t\t\t\t<div class=\"elementor-element elementor-element-5691a9cb elementor-widget elementor-widget-heading\" data-id=\"5691a9cb\" data-element_type=\"widget\" data-widget_type=\"heading.default\">\n\t\t\t\t<div class=\"elementor-widget-container\">\n\t\t\t\t\t<h3 class=\"elementor-heading-title elementor-size-default\">Our workshop on sexuality \u2014 presented by L\u2019Alternative<\/h3>\t\t\t\t<\/div>\n\t\t\t\t<\/div>\n\t\t\t\t<div class=\"elementor-element elementor-element-49313b44 elementor-widget elementor-widget-text-editor\" data-id=\"49313b44\" data-element_type=\"widget\" data-widget_type=\"text-editor.default\">\n\t\t\t\t<div class=\"elementor-widget-container\">\n\t\t\t\t\t\t\t\t\t<p>Discover our workshop that combines scientific information with open discussions to help demystify sexuality at your own pace.<\/p>\t\t\t\t\t\t\t\t<\/div>\n\t\t\t\t<\/div>\n\t\t\t\t<div class=\"elementor-element elementor-element-1284d969 btn2 elementor-widget elementor-widget-button\" data-id=\"1284d969\" data-element_type=\"widget\" data-widget_type=\"button.default\">\n\t\t\t\t<div class=\"elementor-widget-container\">\n\t\t\t\t\t\t\t\t\t<div class=\"elementor-button-wrapper\">\n\t\t\t\t\t<a class=\"elementor-button elementor-button-link elementor-size-sm elementor-animation-grow\" href=\"\/en\/atelier-sexo-sans-tabous\/\">\n\t\t\t\t\t\t<span class=\"elementor-button-content-wrapper\">\n\t\t\t\t\t\t<span class=\"elementor-button-icon\">\n\t\t\t\t<svg aria-hidden=\"true\" class=\"e-font-icon-svg e-fas-arrow-right\" viewbox=\"0 0 448 512\" xmlns=\"http:\/\/www.w3.org\/2000\/svg\"><path d=\"M190.5 66.9l22.2-22.2c9.4-9.4 24.6-9.4 33.9 0L441 239c9.4 9.4 9.4 24.6 0 33.9L246.6 467.3c-9.4 9.4-24.6 9.4-33.9 0l-22.2-22.2c-9.5-9.5-9.3-25 .4-34.3L311.4 296H24c-13.3 0-24-10.7-24-24v-32c0-13.3 10.7-24 24-24h287.4L190.9 101.2c-9.8-9.3-10-24.8-.4-34.3z\"><\/path><\/svg>\t\t\t<\/span>\n\t\t\t\t\t\t\t\t\t<span class=\"elementor-button-text\">Learn more about the \u201cSexo sans tabous\u201d workshop<\/span>\n\t\t\t\t\t<\/span>\n\t\t\t\t\t<\/a>\n\t\t\t\t<\/div>\n\t\t\t\t\t\t\t\t<\/div>\n\t\t\t\t<\/div>\n\t\t\t\t<\/div>\n\t\t<div class=\"elementor-element elementor-element-78a4ad4 x e-con-full e-flex e-con e-child\" data-id=\"78a4ad4\" data-element_type=\"container\" data-settings=\"{&quot;background_background&quot;:&quot;classic&quot;}\">\n\t\t\t\t<div class=\"elementor-element elementor-element-76094f2 elementor-widget elementor-widget-image\" data-id=\"76094f2\" data-element_type=\"widget\" data-widget_type=\"image.default\">\n\t\t\t\t<div class=\"elementor-widget-container\">\n\t\t\t\t\t\t\t\t\t\t\t\t\t\t\t<img loading=\"lazy\" decoding=\"async\" width=\"1024\" height=\"683\" src=\"https:\/\/www.anglepsy.org\/wp-content\/uploads\/2025\/07\/Defi-Kino-1-1-1024x683.jpg\" class=\"attachment-large size-large wp-image-36060\" alt=\"Cut ta perche\" srcset=\"https:\/\/www.anglepsy.org\/wp-content\/uploads\/2025\/07\/Defi-Kino-1-1-1024x683.jpg 1024w, https:\/\/www.anglepsy.org\/wp-content\/uploads\/2025\/07\/Defi-Kino-1-1-300x200.jpg 300w, https:\/\/www.anglepsy.org\/wp-content\/uploads\/2025\/07\/Defi-Kino-1-1-768x512.jpg 768w, https:\/\/www.anglepsy.org\/wp-content\/uploads\/2025\/07\/Defi-Kino-1-1-370x247.jpg 370w, https:\/\/www.anglepsy.org\/wp-content\/uploads\/2025\/07\/Defi-Kino-1-1-270x180.jpg 270w, https:\/\/www.anglepsy.org\/wp-content\/uploads\/2025\/07\/Defi-Kino-1-1-1536x1025.jpg 1536w, https:\/\/www.anglepsy.org\/wp-content\/uploads\/2025\/07\/Defi-Kino-1-1-360x240.jpg 360w, https:\/\/www.anglepsy.org\/wp-content\/uploads\/2025\/07\/Defi-Kino-1-1.jpg 2048w\" sizes=\"(max-width: 1024px) 100vw, 1024px\" \/>\t\t\t\t\t\t\t\t\t\t\t\t\t\t\t<\/div>\n\t\t\t\t<\/div>\n\t\t\t\t<div class=\"elementor-element elementor-element-4356114 elementor-widget elementor-widget-heading\" data-id=\"4356114\" data-element_type=\"widget\" data-widget_type=\"heading.default\">\n\t\t\t\t<div class=\"elementor-widget-container\">\n\t\t\t\t\t<h3 class=\"elementor-heading-title elementor-size-default\">Got an project in mind? We\u2019ve got your back!\n<\/h3>\t\t\t\t<\/div>\n\t\t\t\t<\/div>\n\t\t\t\t<div class=\"elementor-element elementor-element-ca0393f elementor-widget elementor-widget-text-editor\" data-id=\"ca0393f\" data-element_type=\"widget\" data-widget_type=\"text-editor.default\">\n\t\t\t\t<div class=\"elementor-widget-container\">\n\t\t\t\t\t\t\t\t\t<p>We are looking for artistic works that explore the realities of mental health, the prevention of sexual violence, and rape culture.<\/p>\t\t\t\t\t\t\t\t<\/div>\n\t\t\t\t<\/div>\n\t\t\t\t<div class=\"elementor-element elementor-element-728f2d5 btn2 elementor-widget elementor-widget-button\" data-id=\"728f2d5\" data-element_type=\"widget\" data-widget_type=\"button.default\">\n\t\t\t\t<div class=\"elementor-widget-container\">\n\t\t\t\t\t\t\t\t\t<div class=\"elementor-button-wrapper\">\n\t\t\t\t\t<a class=\"elementor-button elementor-button-link elementor-size-sm elementor-animation-grow\" href=\"\/en\/soumettre-un-projet\/\">\n\t\t\t\t\t\t<span class=\"elementor-button-content-wrapper\">\n\t\t\t\t\t\t<span class=\"elementor-button-icon\">\n\t\t\t\t<svg aria-hidden=\"true\" class=\"e-font-icon-svg e-fas-arrow-right\" viewbox=\"0 0 448 512\" xmlns=\"http:\/\/www.w3.org\/2000\/svg\"><path d=\"M190.5 66.9l22.2-22.2c9.4-9.4 24.6-9.4 33.9 0L441 239c9.4 9.4 9.4 24.6 0 33.9L246.6 467.3c-9.4 9.4-24.6 9.4-33.9 0l-22.2-22.2c-9.5-9.5-9.3-25 .4-34.3L311.4 296H24c-13.3 0-24-10.7-24-24v-32c0-13.3 10.7-24 24-24h287.4L190.9 101.2c-9.8-9.3-10-24.8-.4-34.3z\"><\/path><\/svg>\t\t\t<\/span>\n\t\t\t\t\t\t\t\t\t<span class=\"elementor-button-text\">Submit a project<\/span>\n\t\t\t\t\t<\/span>\n\t\t\t\t\t<\/a>\n\t\t\t\t<\/div>\n\t\t\t\t\t\t\t\t<\/div>\n\t\t\t\t<\/div>\n\t\t\t\t<\/div>\n\t\t\t\t<\/div>\n\t\t\t\t\t<\/div>\n\t\t\t\t<\/div>\n\t\t\t\t<\/div>","protected":false},"excerpt":{"rendered":"<p>Art, sant\u00e9 mentale, impact social. Soutenez l\u2019art engag\u00e9 et les jeunes talents pour un changement social durable<\/p>","protected":false},"author":3,"featured_media":36981,"parent":0,"menu_order":0,"comment_status":"closed","ping_status":"closed","template":"elementor_header_footer","meta":{"_coachify_sidebar_layout":"no-sidebar","footnotes":""},"class_list":["post-34842","page","type-page","status-publish","has-post-thumbnail","hentry","image-hover-transition-effect"],"_links":{"self":[{"href":"https:\/\/www.anglepsy.org\/en\/wp-json\/wp\/v2\/pages\/34842","targetHints":{"allow":["GET"]}}],"collection":[{"href":"https:\/\/www.anglepsy.org\/en\/wp-json\/wp\/v2\/pages"}],"about":[{"href":"https:\/\/www.anglepsy.org\/en\/wp-json\/wp\/v2\/types\/page"}],"author":[{"embeddable":true,"href":"https:\/\/www.anglepsy.org\/en\/wp-json\/wp\/v2\/users\/3"}],"replies":[{"embeddable":true,"href":"https:\/\/www.anglepsy.org\/en\/wp-json\/wp\/v2\/comments?post=34842"}],"version-history":[{"count":35,"href":"https:\/\/www.anglepsy.org\/en\/wp-json\/wp\/v2\/pages\/34842\/revisions"}],"predecessor-version":[{"id":37828,"href":"https:\/\/www.anglepsy.org\/en\/wp-json\/wp\/v2\/pages\/34842\/revisions\/37828"}],"wp:featuredmedia":[{"embeddable":true,"href":"https:\/\/www.anglepsy.org\/en\/wp-json\/wp\/v2\/media\/36981"}],"wp:attachment":[{"href":"https:\/\/www.anglepsy.org\/en\/wp-json\/wp\/v2\/media?parent=34842"}],"curies":[{"name":"wp","href":"https:\/\/api.w.org\/{rel}","templated":true}]}}