{"id":37627,"date":"2026-02-25T22:16:51","date_gmt":"2026-02-26T03:16:51","guid":{"rendered":"https:\/\/www.anglepsy.org\/?page_id=37627"},"modified":"2026-04-09T14:15:37","modified_gmt":"2026-04-09T19:15:37","slug":"union-cosmique","status":"publish","type":"page","link":"https:\/\/www.anglepsy.org\/en\/union-cosmique\/","title":{"rendered":"Union Cosmique"},"content":{"rendered":"\t\t<div data-elementor-type=\"wp-page\" data-elementor-id=\"37627\" class=\"elementor elementor-37627\">\n\t\t\t\t<div class=\"elementor-element elementor-element-6ab35699 e-flex e-con-boxed e-con e-parent\" data-id=\"6ab35699\" data-element_type=\"container\" data-settings=\"{&quot;background_background&quot;:&quot;classic&quot;}\">\n\t\t\t\t\t<div class=\"e-con-inner\">\n\t\t\t\t<div class=\"elementor-element elementor-element-1b8d77cd elementor-widget-mobile__width-inherit elementor-widget elementor-widget-heading\" data-id=\"1b8d77cd\" data-element_type=\"widget\" data-widget_type=\"heading.default\">\n\t\t\t\t<div class=\"elementor-widget-container\">\n\t\t\t\t\t<h1 class=\"elementor-heading-title elementor-size-default\">Union Cosmique x Angle Psy<\/h1>\t\t\t\t<\/div>\n\t\t\t\t<\/div>\n\t\t\t\t<div class=\"elementor-element elementor-element-7136d62f elementor-widget elementor-widget-text-editor\" data-id=\"7136d62f\" data-element_type=\"widget\" data-widget_type=\"text-editor.default\">\n\t\t\t\t<div class=\"elementor-widget-container\">\n\t\t\t\t\t\t\t\t\t<p>Angle Psy et Union Cosmique partagent une m\u00eame mission : faire de l\u2019art un point de rencontre et un moteur de transformation. Angle Psy agit donc comme incubateur pour Union Cosmique en soutenant le collectif artistique par l\u2019acc\u00e8s \u00e0 des ressources, \u00e0 un r\u00e9seau et au partage de savoir-faire.<\/p>\t\t\t\t\t\t\t\t<\/div>\n\t\t\t\t<\/div>\n\t\t<div class=\"elementor-element elementor-element-4d6c68a e-con-full e-grid e-con e-child\" data-id=\"4d6c68a\" data-element_type=\"container\">\n\t\t\t\t<div class=\"elementor-element elementor-element-475a0ff0 elementor-align-right elementor-widget elementor-widget-button\" data-id=\"475a0ff0\" data-element_type=\"widget\" data-widget_type=\"button.default\">\n\t\t\t\t<div class=\"elementor-widget-container\">\n\t\t\t\t\t\t\t\t\t<div class=\"elementor-button-wrapper\">\n\t\t\t\t\t<a class=\"elementor-button elementor-button-link elementor-size-sm\" href=\"https:\/\/www.instagram.com\/unioncosmique\/\" target=\"_blank\">\n\t\t\t\t\t\t<span class=\"elementor-button-content-wrapper\">\n\t\t\t\t\t\t\t\t\t<span class=\"elementor-button-text\">Voir sur Instagram<\/span>\n\t\t\t\t\t<\/span>\n\t\t\t\t\t<\/a>\n\t\t\t\t<\/div>\n\t\t\t\t\t\t\t\t<\/div>\n\t\t\t\t<\/div>\n\t\t\t\t<div class=\"elementor-element elementor-element-35f6c11 elementor-align-left elementor-widget elementor-widget-button\" data-id=\"35f6c11\" data-element_type=\"widget\" data-widget_type=\"button.default\">\n\t\t\t\t<div class=\"elementor-widget-container\">\n\t\t\t\t\t\t\t\t\t<div class=\"elementor-button-wrapper\">\n\t\t\t\t\t<a class=\"elementor-button elementor-button-link elementor-size-sm\" href=\"https:\/\/www.facebook.com\/people\/Unioncosmique\/61580094581946\/\" target=\"_blank\">\n\t\t\t\t\t\t<span class=\"elementor-button-content-wrapper\">\n\t\t\t\t\t\t\t\t\t<span class=\"elementor-button-text\">Voir sur Facebook<\/span>\n\t\t\t\t\t<\/span>\n\t\t\t\t\t<\/a>\n\t\t\t\t<\/div>\n\t\t\t\t\t\t\t\t<\/div>\n\t\t\t\t<\/div>\n\t\t\t\t<\/div>\n\t\t\t\t\t<\/div>\n\t\t\t\t<\/div>\n\t\t<div class=\"elementor-element elementor-element-1acda1d7 e-flex e-con-boxed e-con e-parent\" data-id=\"1acda1d7\" data-element_type=\"container\" data-settings=\"{&quot;background_background&quot;:&quot;classic&quot;}\">\n\t\t\t\t\t<div class=\"e-con-inner\">\n\t\t<div class=\"elementor-element elementor-element-118bae93 e-con-full e-flex e-con e-child\" data-id=\"118bae93\" data-element_type=\"container\">\n\t\t\t\t<div class=\"elementor-element elementor-element-22858b7 elementor-widget elementor-widget-image\" data-id=\"22858b7\" data-element_type=\"widget\" data-widget_type=\"image.default\">\n\t\t\t\t<div class=\"elementor-widget-container\">\n\t\t\t\t\t\t\t\t\t\t\t\t\t\t\t<img fetchpriority=\"high\" decoding=\"async\" width=\"790\" height=\"790\" src=\"https:\/\/www.anglepsy.org\/wp-content\/uploads\/2026\/02\/8dcc95c076f87dc8badd3dde6fda95a9-1024x1024.jpeg\" class=\"attachment-large size-large wp-image-37643\" alt=\"Union Cosmique\" srcset=\"https:\/\/www.anglepsy.org\/wp-content\/uploads\/2026\/02\/8dcc95c076f87dc8badd3dde6fda95a9-1024x1024.jpeg 1024w, https:\/\/www.anglepsy.org\/wp-content\/uploads\/2026\/02\/8dcc95c076f87dc8badd3dde6fda95a9-300x300.jpeg 300w, https:\/\/www.anglepsy.org\/wp-content\/uploads\/2026\/02\/8dcc95c076f87dc8badd3dde6fda95a9-150x150.jpeg 150w, https:\/\/www.anglepsy.org\/wp-content\/uploads\/2026\/02\/8dcc95c076f87dc8badd3dde6fda95a9-768x768.jpeg 768w, https:\/\/www.anglepsy.org\/wp-content\/uploads\/2026\/02\/8dcc95c076f87dc8badd3dde6fda95a9-355x355.jpeg 355w, https:\/\/www.anglepsy.org\/wp-content\/uploads\/2026\/02\/8dcc95c076f87dc8badd3dde6fda95a9-370x370.jpeg 370w, https:\/\/www.anglepsy.org\/wp-content\/uploads\/2026\/02\/8dcc95c076f87dc8badd3dde6fda95a9-170x170.jpeg 170w, https:\/\/www.anglepsy.org\/wp-content\/uploads\/2026\/02\/8dcc95c076f87dc8badd3dde6fda95a9-1536x1536.jpeg 1536w, https:\/\/www.anglepsy.org\/wp-content\/uploads\/2026\/02\/8dcc95c076f87dc8badd3dde6fda95a9-12x12.jpeg 12w, https:\/\/www.anglepsy.org\/wp-content\/uploads\/2026\/02\/8dcc95c076f87dc8badd3dde6fda95a9.jpeg 2048w\" sizes=\"(max-width: 790px) 100vw, 790px\" \/>\t\t\t\t\t\t\t\t\t\t\t\t\t\t\t<\/div>\n\t\t\t\t<\/div>\n\t\t\t\t<div class=\"elementor-element elementor-element-76d38aa9 elementor-widget elementor-widget-text-editor\" data-id=\"76d38aa9\" data-element_type=\"widget\" data-widget_type=\"text-editor.default\">\n\t\t\t\t<div class=\"elementor-widget-container\">\n\t\t\t\t\t\t\t\t\t<p>Un endroit pour cr\u00e9er, partager et vibrer ensemble !<\/p>\t\t\t\t\t\t\t\t<\/div>\n\t\t\t\t<\/div>\n\t\t\t\t<div class=\"elementor-element elementor-element-5c471d1a elementor-widget elementor-widget-heading\" data-id=\"5c471d1a\" data-element_type=\"widget\" data-widget_type=\"heading.default\">\n\t\t\t\t<div class=\"elementor-widget-container\">\n\t\t\t\t\t<h2 class=\"elementor-heading-title elementor-size-default\">\u00c0 propos d'Union Cosmique<\/h2>\t\t\t\t<\/div>\n\t\t\t\t<\/div>\n\t\t\t\t<div class=\"elementor-element elementor-element-4f642b1b elementor-widget elementor-widget-text-editor\" data-id=\"4f642b1b\" data-element_type=\"widget\" data-widget_type=\"text-editor.default\">\n\t\t\t\t<div class=\"elementor-widget-container\">\n\t\t\t\t\t\t\t\t\t<p>Pens\u00e9 comme un carrefour culturel vivant, Union Cosmique propose un endroit chaleureux et inspirant o\u00f9 la cr\u00e9ativit\u00e9 circule librement et o\u00f9 chaque personne est invit\u00e9e \u00e0 prendre part \u00e0 l\u2019exp\u00e9rience. Cet espace favorise les \u00e9changes, les collaborations et l\u2019\u00e9mergence de nouvelles id\u00e9es. Artistes \u00e9tablis, talents \u00e9mergents et curieux de tous horizons s\u2019y retrouvent pour explorer, exp\u00e9rimenter et s\u2019exprimer dans un cadre bienveillant et stimulant.<\/p>\t\t\t\t\t\t\t\t<\/div>\n\t\t\t\t<\/div>\n\t\t\t\t<div class=\"elementor-element elementor-element-e4be0ab elementor-widget elementor-widget-text-editor\" data-id=\"e4be0ab\" data-element_type=\"widget\" data-widget_type=\"text-editor.default\">\n\t\t\t\t<div class=\"elementor-widget-container\">\n\t\t\t\t\t\t\t\t\t<p>Au programme : des ateliers et des soir\u00e9es artistiques et culturelles o\u00f9 se croisent arts visuels, musique, danse, po\u00e9sie, th\u00e9\u00e2tre, \u00e9criture, open mic, performances, humour et bien plus encore. Chaque \u00e9v\u00e9nement devient une occasion de d\u00e9couvrir, de cr\u00e9er des liens et de faire rayonner la richesse des expressions artistiques.<\/p>\t\t\t\t\t\t\t\t<\/div>\n\t\t\t\t<\/div>\n\t\t\t\t<div class=\"elementor-element elementor-element-03be2fd elementor-widget elementor-widget-text-editor\" data-id=\"03be2fd\" data-element_type=\"widget\" data-widget_type=\"text-editor.default\">\n\t\t\t\t<div class=\"elementor-widget-container\">\n\t\t\t\t\t\t\t\t\t<p><strong>Union Cosmique est toujours ouvert \u00e0 collaborer pour r\u00e9aliser des projets artistiques.<\/strong><\/p>\t\t\t\t\t\t\t\t<\/div>\n\t\t\t\t<\/div>\n\t\t\t\t<div class=\"elementor-element elementor-element-243c7880 btn2 elementor-widget elementor-widget-button\" data-id=\"243c7880\" data-element_type=\"widget\" data-widget_type=\"button.default\">\n\t\t\t\t<div class=\"elementor-widget-container\">\n\t\t\t\t\t\t\t\t\t<div class=\"elementor-button-wrapper\">\n\t\t\t\t\t<a class=\"elementor-button elementor-button-link elementor-size-sm elementor-animation-grow\" href=\"mailto:nora1602@outlook.com\" target=\"_blank\">\n\t\t\t\t\t\t<span class=\"elementor-button-content-wrapper\">\n\t\t\t\t\t\t<span class=\"elementor-button-icon\">\n\t\t\t\t<svg aria-hidden=\"true\" class=\"e-font-icon-svg e-fas-arrow-right\" viewBox=\"0 0 448 512\" xmlns=\"http:\/\/www.w3.org\/2000\/svg\"><path d=\"M190.5 66.9l22.2-22.2c9.4-9.4 24.6-9.4 33.9 0L441 239c9.4 9.4 9.4 24.6 0 33.9L246.6 467.3c-9.4 9.4-24.6 9.4-33.9 0l-22.2-22.2c-9.5-9.5-9.3-25 .4-34.3L311.4 296H24c-13.3 0-24-10.7-24-24v-32c0-13.3 10.7-24 24-24h287.4L190.9 101.2c-9.8-9.3-10-24.8-.4-34.3z\"><\/path><\/svg>\t\t\t<\/span>\n\t\t\t\t\t\t\t\t\t<span class=\"elementor-button-text\">Contactez Union Cosmique<\/span>\n\t\t\t\t\t<\/span>\n\t\t\t\t\t<\/a>\n\t\t\t\t<\/div>\n\t\t\t\t\t\t\t\t<\/div>\n\t\t\t\t<\/div>\n\t\t\t\t<\/div>\n\t\t<div class=\"elementor-element elementor-element-3ab6a4f8 e-con-full e-flex e-con e-child\" data-id=\"3ab6a4f8\" data-element_type=\"container\" data-settings=\"{&quot;background_background&quot;:&quot;slideshow&quot;,&quot;background_slideshow_gallery&quot;:[{&quot;id&quot;:37652,&quot;url&quot;:&quot;https:\\\/\\\/www.anglepsy.org\\\/wp-content\\\/uploads\\\/2026\\\/02\\\/f9fd8f0d57e0fc72309b77fb52aa8e39.jpeg&quot;},{&quot;id&quot;:37651,&quot;url&quot;:&quot;https:\\\/\\\/www.anglepsy.org\\\/wp-content\\\/uploads\\\/2026\\\/02\\\/Creation-sans-titre-2.png&quot;},{&quot;id&quot;:37650,&quot;url&quot;:&quot;https:\\\/\\\/www.anglepsy.org\\\/wp-content\\\/uploads\\\/2026\\\/02\\\/8cf5ab3537738b70d972420533912510-scaled.jpeg&quot;},{&quot;id&quot;:37649,&quot;url&quot;:&quot;https:\\\/\\\/www.anglepsy.org\\\/wp-content\\\/uploads\\\/2026\\\/02\\\/e4ca857d53f7e9535493272b540707a0.jpeg&quot;},{&quot;id&quot;:37682,&quot;url&quot;:&quot;https:\\\/\\\/www.anglepsy.org\\\/wp-content\\\/uploads\\\/2026\\\/03\\\/image4.png&quot;},{&quot;id&quot;:37683,&quot;url&quot;:&quot;https:\\\/\\\/www.anglepsy.org\\\/wp-content\\\/uploads\\\/2026\\\/03\\\/image3.png&quot;},{&quot;id&quot;:37684,&quot;url&quot;:&quot;https:\\\/\\\/www.anglepsy.org\\\/wp-content\\\/uploads\\\/2026\\\/03\\\/image0.png&quot;},{&quot;id&quot;:37685,&quot;url&quot;:&quot;https:\\\/\\\/www.anglepsy.org\\\/wp-content\\\/uploads\\\/2026\\\/03\\\/image1.png&quot;},{&quot;id&quot;:37686,&quot;url&quot;:&quot;https:\\\/\\\/www.anglepsy.org\\\/wp-content\\\/uploads\\\/2026\\\/03\\\/image2.png&quot;}],&quot;background_slideshow_loop&quot;:&quot;yes&quot;,&quot;background_slideshow_slide_duration&quot;:5000,&quot;background_slideshow_slide_transition&quot;:&quot;fade&quot;,&quot;background_slideshow_transition_duration&quot;:500}\">\n\t\t\t\t<div class=\"elementor-element elementor-element-28da6a68 e-transform elementor-absolute elementor-widget elementor-widget-spacer\" data-id=\"28da6a68\" data-element_type=\"widget\" data-settings=\"{&quot;_transform_rotateZ_effect&quot;:{&quot;unit&quot;:&quot;px&quot;,&quot;size&quot;:-60,&quot;sizes&quot;:[]},&quot;_position&quot;:&quot;absolute&quot;,&quot;_transform_rotateZ_effect_tablet&quot;:{&quot;unit&quot;:&quot;deg&quot;,&quot;size&quot;:&quot;&quot;,&quot;sizes&quot;:[]},&quot;_transform_rotateZ_effect_mobile&quot;:{&quot;unit&quot;:&quot;deg&quot;,&quot;size&quot;:&quot;&quot;,&quot;sizes&quot;:[]}}\" data-widget_type=\"spacer.default\">\n\t\t\t\t<div class=\"elementor-widget-container\">\n\t\t\t\t\t\t\t<div class=\"elementor-spacer\">\n\t\t\t<div class=\"elementor-spacer-inner\"><\/div>\n\t\t<\/div>\n\t\t\t\t\t\t<\/div>\n\t\t\t\t<\/div>\n\t\t\t\t<div class=\"elementor-element elementor-element-474b8a9a e-transform elementor-absolute elementor-widget elementor-widget-spacer\" data-id=\"474b8a9a\" data-element_type=\"widget\" data-settings=\"{&quot;_transform_rotateZ_effect&quot;:{&quot;unit&quot;:&quot;px&quot;,&quot;size&quot;:-60,&quot;sizes&quot;:[]},&quot;_position&quot;:&quot;absolute&quot;,&quot;_transform_rotateZ_effect_tablet&quot;:{&quot;unit&quot;:&quot;deg&quot;,&quot;size&quot;:&quot;&quot;,&quot;sizes&quot;:[]},&quot;_transform_rotateZ_effect_mobile&quot;:{&quot;unit&quot;:&quot;deg&quot;,&quot;size&quot;:&quot;&quot;,&quot;sizes&quot;:[]}}\" data-widget_type=\"spacer.default\">\n\t\t\t\t<div class=\"elementor-widget-container\">\n\t\t\t\t\t\t\t<div class=\"elementor-spacer\">\n\t\t\t<div class=\"elementor-spacer-inner\"><\/div>\n\t\t<\/div>\n\t\t\t\t\t\t<\/div>\n\t\t\t\t<\/div>\n\t\t\t\t<\/div>\n\t\t\t\t\t<\/div>\n\t\t\t\t<\/div>\n\t\t<div class=\"elementor-element elementor-element-34fd4579 e-con-full e-flex e-con e-parent\" data-id=\"34fd4579\" data-element_type=\"container\" data-settings=\"{&quot;background_background&quot;:&quot;classic&quot;}\">\n\t\t<div class=\"elementor-element elementor-element-100e7ed e-con-full e-flex e-con e-child\" data-id=\"100e7ed\" data-element_type=\"container\">\n\t\t\t\t<div class=\"elementor-element elementor-element-6c5ba41f elementor-widget elementor-widget-text-editor\" data-id=\"6c5ba41f\" data-element_type=\"widget\" data-widget_type=\"text-editor.default\">\n\t\t\t\t<div class=\"elementor-widget-container\">\n\t\t\t\t\t\t\t\t\t<p>Suivez nous sur Facebook, Tiktok et Instagram<\/p>\t\t\t\t\t\t\t\t<\/div>\n\t\t\t\t<\/div>\n\t\t\t\t<div class=\"elementor-element elementor-element-6a5cbb1b elementor-widget elementor-widget-heading\" data-id=\"6a5cbb1b\" data-element_type=\"widget\" data-widget_type=\"heading.default\">\n\t\t\t\t<div class=\"elementor-widget-container\">\n\t\t\t\t\t<h2 class=\"elementor-heading-title elementor-size-default\">Pour en savoir plus, Abonnez-vous \u00e0 Union Cosmique !<\/h2>\t\t\t\t<\/div>\n\t\t\t\t<\/div>\n\t\t\t\t<\/div>\n\t\t\t\t<div class=\"elementor-element elementor-element-c5e0550 elementor-widget__width-inherit elementor-widget elementor-widget-shortcode\" data-id=\"c5e0550\" data-element_type=\"widget\" data-widget_type=\"shortcode.default\">\n\t\t\t\t<div class=\"elementor-widget-container\">\n\t\t\t\t\t\t\t<div class=\"elementor-shortcode\"><div class=\"juicer-feed\" data-feed-id=\"unioncosmique\"><\/div><\/div>\n\t\t\t\t\t\t<\/div>\n\t\t\t\t<\/div>\n\t\t\t\t<\/div>\n\t\t\t\t<\/div>\n\t\t","protected":false},"excerpt":{"rendered":"<p>Angle Psy and Union Cosmique share a common mission: to make art a meeting point and a driver of transformation. Angle Psy therefore acts as an incubator for Union Cosmique by supporting the artistic collective through access to resources, networks, and the sharing of expertise.<\/p>","protected":false},"author":8,"featured_media":37730,"parent":0,"menu_order":0,"comment_status":"closed","ping_status":"closed","template":"elementor_header_footer","meta":{"_coachify_sidebar_layout":"","footnotes":""},"class_list":["post-37627","page","type-page","status-publish","has-post-thumbnail","hentry","image-hover-transition-effect"],"_links":{"self":[{"href":"https:\/\/www.anglepsy.org\/en\/wp-json\/wp\/v2\/pages\/37627","targetHints":{"allow":["GET"]}}],"collection":[{"href":"https:\/\/www.anglepsy.org\/en\/wp-json\/wp\/v2\/pages"}],"about":[{"href":"https:\/\/www.anglepsy.org\/en\/wp-json\/wp\/v2\/types\/page"}],"author":[{"embeddable":true,"href":"https:\/\/www.anglepsy.org\/en\/wp-json\/wp\/v2\/users\/8"}],"replies":[{"embeddable":true,"href":"https:\/\/www.anglepsy.org\/en\/wp-json\/wp\/v2\/comments?post=37627"}],"version-history":[{"count":57,"href":"https:\/\/www.anglepsy.org\/en\/wp-json\/wp\/v2\/pages\/37627\/revisions"}],"predecessor-version":[{"id":37807,"href":"https:\/\/www.anglepsy.org\/en\/wp-json\/wp\/v2\/pages\/37627\/revisions\/37807"}],"wp:featuredmedia":[{"embeddable":true,"href":"https:\/\/www.anglepsy.org\/en\/wp-json\/wp\/v2\/media\/37730"}],"wp:attachment":[{"href":"https:\/\/www.anglepsy.org\/en\/wp-json\/wp\/v2\/media?parent=37627"}],"curies":[{"name":"wp","href":"https:\/\/api.w.org\/{rel}","templated":true}]}}